{"id":151,"date":"2019-04-14T13:08:40","date_gmt":"2019-04-14T11:08:40","guid":{"rendered":"http:\/\/tempo-paniowki.pl\/?page_id=151"},"modified":"2024-04-04T01:24:29","modified_gmt":"2024-04-03T23:24:29","slug":"zespol","status":"publish","type":"page","link":"https:\/\/tempo-paniowki.pl\/?page_id=151","title":{"rendered":"Nasz zesp\u00f3\u0142:"},"content":{"rendered":"\t\t<div data-elementor-type=\"wp-post\" data-elementor-id=\"151\" class=\"elementor elementor-151\" data-elementor-settings=\"[]\">\n\t\t\t\t\t\t<div class=\"elementor-inner\">\n\t\t\t\t\t\t\t<div class=\"elementor-section-wrap\">\n\t\t\t\t\t\t\t<section class=\"elementor-section elementor-top-section elementor-element elementor-element-0dda0ef elementor-section-boxed elementor-section-height-default elementor-section-height-default\" data-id=\"0dda0ef\" data-element_type=\"section\">\n\t\t\t\t\t\t<div class=\"elementor-container elementor-column-gap-default\">\n\t\t\t\t\t\t\t<div class=\"elementor-row\">\n\t\t\t\t\t<div class=\"elementor-column elementor-col-100 elementor-top-column elementor-element elementor-element-f290ead\" data-id=\"f290ead\" data-element_type=\"column\">\n\t\t\t<div class=\"elementor-column-wrap elementor-element-populated\">\n\t\t\t\t\t\t\t<div class=\"elementor-widget-wrap\">\n\t\t\t\t\t\t<div class=\"elementor-element elementor-element-083c13c elementor-widget elementor-widget-heading\" data-id=\"083c13c\" data-element_type=\"widget\" data-widget_type=\"heading.default\">\n\t\t\t\t<div class=\"elementor-widget-container\">\n\t\t\t<h3 class=\"elementor-heading-title elementor-size-xl\">Bramkarze<\/h3>\t\t<\/div>\n\t\t\t\t<\/div>\n\t\t\t\t<div class=\"elementor-element elementor-element-885f075 e-transform e-transform elementor-widget__width-inherit elementor-widget elementor-widget-image-carousel\" data-id=\"885f075\" data-element_type=\"widget\" data-settings=\"{&quot;slides_to_show&quot;:&quot;3&quot;,&quot;navigation&quot;:&quot;none&quot;,&quot;pause_on_hover&quot;:&quot;no&quot;,&quot;infinite&quot;:&quot;no&quot;,&quot;speed&quot;:550,&quot;_transform_translateX_effect&quot;:{&quot;unit&quot;:&quot;px&quot;,&quot;size&quot;:0,&quot;sizes&quot;:[]},&quot;slides_to_scroll&quot;:&quot;1&quot;,&quot;image_spacing_custom&quot;:{&quot;unit&quot;:&quot;px&quot;,&quot;size&quot;:16,&quot;sizes&quot;:[]},&quot;autoplay&quot;:&quot;yes&quot;,&quot;pause_on_interaction&quot;:&quot;yes&quot;,&quot;autoplay_speed&quot;:5000,&quot;_transform_translateX_effect_tablet&quot;:{&quot;unit&quot;:&quot;px&quot;,&quot;size&quot;:&quot;&quot;,&quot;sizes&quot;:[]},&quot;_transform_translateX_effect_mobile&quot;:{&quot;unit&quot;:&quot;px&quot;,&quot;size&quot;:&quot;&quot;,&quot;sizes&quot;:[]},&quot;_transform_translateY_effect&quot;:{&quot;unit&quot;:&quot;px&quot;,&quot;size&quot;:&quot;&quot;,&quot;sizes&quot;:[]},&quot;_transform_translateY_effect_tablet&quot;:{&quot;unit&quot;:&quot;px&quot;,&quot;size&quot;:&quot;&quot;,&quot;sizes&quot;:[]},&quot;_transform_translateY_effect_mobile&quot;:{&quot;unit&quot;:&quot;px&quot;,&quot;size&quot;:&quot;&quot;,&quot;sizes&quot;:[]},&quot;_transform_scale_effect&quot;:{&quot;unit&quot;:&quot;px&quot;,&quot;size&quot;:&quot;&quot;,&quot;sizes&quot;:[]},&quot;_transform_scale_effect_tablet&quot;:{&quot;unit&quot;:&quot;px&quot;,&quot;size&quot;:&quot;&quot;,&quot;sizes&quot;:[]},&quot;_transform_scale_effect_mobile&quot;:{&quot;unit&quot;:&quot;px&quot;,&quot;size&quot;:&quot;&quot;,&quot;sizes&quot;:[]}}\" data-widget_type=\"image-carousel.default\">\n\t\t\t\t<div class=\"elementor-widget-container\">\n\t\t\t\t\t<div class=\"elementor-image-carousel-wrapper swiper-container\" dir=\"ltr\">\n\t\t\t<div class=\"elementor-image-carousel swiper-wrapper\">\n\t\t\t\t\t\t\t\t<div class=\"swiper-slide\"><figure class=\"swiper-slide-inner\"><img class=\"swiper-slide-image\" src=\"https:\/\/tempo-paniowki.pl\/wp-content\/uploads\/2024\/04\/BOMB-768x1098.png\" alt=\"DOMINIK BARBARCZUK\" \/><figcaption class=\"elementor-image-carousel-caption\">DOMINIK BARBARCZUK<\/figcaption><\/figure><\/div><div class=\"swiper-slide\"><figure class=\"swiper-slide-inner\"><img class=\"swiper-slide-image\" src=\"https:\/\/tempo-paniowki.pl\/wp-content\/uploads\/2024\/04\/BARA2-768x1098.png\" alt=\"SZYMON B\u0104BKA\" \/><figcaption class=\"elementor-image-carousel-caption\">SZYMON B\u0104BKA<\/figcaption><\/figure><\/div><div class=\"swiper-slide\"><figure class=\"swiper-slide-inner\"><img class=\"swiper-slide-image\" src=\"https:\/\/tempo-paniowki.pl\/wp-content\/uploads\/2024\/04\/PIKOTR-768x1098.png\" alt=\"PIOTR NOWAK\" \/><figcaption class=\"elementor-image-carousel-caption\">PIOTR NOWAK<\/figcaption><\/figure><\/div>\t\t\t<\/div>\n\t\t\t\t\t\t\t\t\t\t\t\t\t\t\t\t<\/div>\n\t\t\t\t<\/div>\n\t\t\t\t<\/div>\n\t\t\t\t<div class=\"elementor-element elementor-element-b809ba2 elementor-widget elementor-widget-heading\" data-id=\"b809ba2\" data-element_type=\"widget\" data-widget_type=\"heading.default\">\n\t\t\t\t<div class=\"elementor-widget-container\">\n\t\t\t<h3 class=\"elementor-heading-title elementor-size-xl\">Obro\u0144cy<\/h3>\t\t<\/div>\n\t\t\t\t<\/div>\n\t\t\t\t<div class=\"elementor-element elementor-element-79a1863 e-transform e-transform elementor-widget__width-inherit elementor-widget elementor-widget-image-carousel\" data-id=\"79a1863\" data-element_type=\"widget\" data-settings=\"{&quot;slides_to_show&quot;:&quot;3&quot;,&quot;navigation&quot;:&quot;none&quot;,&quot;pause_on_hover&quot;:&quot;no&quot;,&quot;speed&quot;:550,&quot;_transform_translateX_effect&quot;:{&quot;unit&quot;:&quot;px&quot;,&quot;size&quot;:0,&quot;sizes&quot;:[]},&quot;slides_to_scroll&quot;:&quot;2&quot;,&quot;autoplay&quot;:&quot;yes&quot;,&quot;pause_on_interaction&quot;:&quot;yes&quot;,&quot;autoplay_speed&quot;:5000,&quot;infinite&quot;:&quot;yes&quot;,&quot;_transform_translateX_effect_tablet&quot;:{&quot;unit&quot;:&quot;px&quot;,&quot;size&quot;:&quot;&quot;,&quot;sizes&quot;:[]},&quot;_transform_translateX_effect_mobile&quot;:{&quot;unit&quot;:&quot;px&quot;,&quot;size&quot;:&quot;&quot;,&quot;sizes&quot;:[]},&quot;_transform_translateY_effect&quot;:{&quot;unit&quot;:&quot;px&quot;,&quot;size&quot;:&quot;&quot;,&quot;sizes&quot;:[]},&quot;_transform_translateY_effect_tablet&quot;:{&quot;unit&quot;:&quot;px&quot;,&quot;size&quot;:&quot;&quot;,&quot;sizes&quot;:[]},&quot;_transform_translateY_effect_mobile&quot;:{&quot;unit&quot;:&quot;px&quot;,&quot;size&quot;:&quot;&quot;,&quot;sizes&quot;:[]},&quot;_transform_scale_effect&quot;:{&quot;unit&quot;:&quot;px&quot;,&quot;size&quot;:&quot;&quot;,&quot;sizes&quot;:[]},&quot;_transform_scale_effect_tablet&quot;:{&quot;unit&quot;:&quot;px&quot;,&quot;size&quot;:&quot;&quot;,&quot;sizes&quot;:[]},&quot;_transform_scale_effect_mobile&quot;:{&quot;unit&quot;:&quot;px&quot;,&quot;size&quot;:&quot;&quot;,&quot;sizes&quot;:[]}}\" data-widget_type=\"image-carousel.default\">\n\t\t\t\t<div class=\"elementor-widget-container\">\n\t\t\t\t\t<div class=\"elementor-image-carousel-wrapper swiper-container\" dir=\"ltr\">\n\t\t\t<div class=\"elementor-image-carousel swiper-wrapper\">\n\t\t\t\t\t\t\t\t<div class=\"swiper-slide\"><figure class=\"swiper-slide-inner\"><img class=\"swiper-slide-image\" src=\"https:\/\/tempo-paniowki.pl\/wp-content\/uploads\/2024\/04\/DLUG-1433x2048.png\" alt=\"BART\u0141OMIEJ D\u0141UGOSZ\" \/><figcaption class=\"elementor-image-carousel-caption\">BART\u0141OMIEJ D\u0141UGOSZ<\/figcaption><\/figure><\/div><div class=\"swiper-slide\"><figure class=\"swiper-slide-inner\"><img class=\"swiper-slide-image\" src=\"https:\/\/tempo-paniowki.pl\/wp-content\/uploads\/2024\/04\/G-1433x2048.png\" alt=\"GRZEGORZ KONOPKA\" \/><figcaption class=\"elementor-image-carousel-caption\">GRZEGORZ KONOPKA<\/figcaption><\/figure><\/div><div class=\"swiper-slide\"><figure class=\"swiper-slide-inner\"><img class=\"swiper-slide-image\" src=\"https:\/\/tempo-paniowki.pl\/wp-content\/uploads\/2024\/04\/O-1433x2048.png\" alt=\"OSKAR JENDRYCHOWSKI\" \/><figcaption class=\"elementor-image-carousel-caption\">OSKAR JENDRYCHOWSKI<\/figcaption><\/figure><\/div><div class=\"swiper-slide\"><figure class=\"swiper-slide-inner\"><img class=\"swiper-slide-image\" src=\"https:\/\/tempo-paniowki.pl\/wp-content\/uploads\/2024\/04\/STACH-1433x2048.png\" alt=\"STANIS\u0141AW MARZEC\" \/><figcaption class=\"elementor-image-carousel-caption\">STANIS\u0141AW MARZEC<\/figcaption><\/figure><\/div>\t\t\t<\/div>\n\t\t\t\t\t\t\t\t\t\t\t\t\t\t\t\t<\/div>\n\t\t\t\t<\/div>\n\t\t\t\t<\/div>\n\t\t\t\t<div class=\"elementor-element elementor-element-7a88747 elementor-widget elementor-widget-heading\" data-id=\"7a88747\" data-element_type=\"widget\" data-widget_type=\"heading.default\">\n\t\t\t\t<div class=\"elementor-widget-container\">\n\t\t\t<h3 class=\"elementor-heading-title elementor-size-xl\">Pomocnicy<\/h3>\t\t<\/div>\n\t\t\t\t<\/div>\n\t\t\t\t<div class=\"elementor-element elementor-element-718c2a7 e-transform e-transform elementor-widget__width-inherit elementor-widget elementor-widget-image-carousel\" data-id=\"718c2a7\" data-element_type=\"widget\" data-settings=\"{&quot;slides_to_show&quot;:&quot;3&quot;,&quot;navigation&quot;:&quot;none&quot;,&quot;pause_on_hover&quot;:&quot;no&quot;,&quot;speed&quot;:550,&quot;_transform_translateX_effect&quot;:{&quot;unit&quot;:&quot;px&quot;,&quot;size&quot;:0,&quot;sizes&quot;:[]},&quot;autoplay&quot;:&quot;yes&quot;,&quot;pause_on_interaction&quot;:&quot;yes&quot;,&quot;autoplay_speed&quot;:5000,&quot;infinite&quot;:&quot;yes&quot;,&quot;_transform_translateX_effect_tablet&quot;:{&quot;unit&quot;:&quot;px&quot;,&quot;size&quot;:&quot;&quot;,&quot;sizes&quot;:[]},&quot;_transform_translateX_effect_mobile&quot;:{&quot;unit&quot;:&quot;px&quot;,&quot;size&quot;:&quot;&quot;,&quot;sizes&quot;:[]},&quot;_transform_translateY_effect&quot;:{&quot;unit&quot;:&quot;px&quot;,&quot;size&quot;:&quot;&quot;,&quot;sizes&quot;:[]},&quot;_transform_translateY_effect_tablet&quot;:{&quot;unit&quot;:&quot;px&quot;,&quot;size&quot;:&quot;&quot;,&quot;sizes&quot;:[]},&quot;_transform_translateY_effect_mobile&quot;:{&quot;unit&quot;:&quot;px&quot;,&quot;size&quot;:&quot;&quot;,&quot;sizes&quot;:[]},&quot;_transform_scale_effect&quot;:{&quot;unit&quot;:&quot;px&quot;,&quot;size&quot;:&quot;&quot;,&quot;sizes&quot;:[]},&quot;_transform_scale_effect_tablet&quot;:{&quot;unit&quot;:&quot;px&quot;,&quot;size&quot;:&quot;&quot;,&quot;sizes&quot;:[]},&quot;_transform_scale_effect_mobile&quot;:{&quot;unit&quot;:&quot;px&quot;,&quot;size&quot;:&quot;&quot;,&quot;sizes&quot;:[]}}\" data-widget_type=\"image-carousel.default\">\n\t\t\t\t<div class=\"elementor-widget-container\">\n\t\t\t\t\t<div class=\"elementor-image-carousel-wrapper swiper-container\" dir=\"ltr\">\n\t\t\t<div class=\"elementor-image-carousel swiper-wrapper\">\n\t\t\t\t\t\t\t\t<div class=\"swiper-slide\"><figure class=\"swiper-slide-inner\"><img class=\"swiper-slide-image\" src=\"https:\/\/tempo-paniowki.pl\/wp-content\/uploads\/2024\/04\/BIALY-768x1098.png\" alt=\"JAKUB BIA\u0141OW\u0104S\" \/><figcaption class=\"elementor-image-carousel-caption\">JAKUB BIA\u0141OW\u0104S<\/figcaption><\/figure><\/div><div class=\"swiper-slide\"><figure class=\"swiper-slide-inner\"><img class=\"swiper-slide-image\" src=\"https:\/\/tempo-paniowki.pl\/wp-content\/uploads\/2024\/04\/BROCH-768x1098.png\" alt=\"PAWE\u0141 BROSZ\" \/><figcaption class=\"elementor-image-carousel-caption\">PAWE\u0141 BROSZ<\/figcaption><\/figure><\/div><div class=\"swiper-slide\"><figure class=\"swiper-slide-inner\"><img class=\"swiper-slide-image\" src=\"https:\/\/tempo-paniowki.pl\/wp-content\/uploads\/2024\/04\/ji-768x1098.png\" alt=\"KACPER BI\u0143KOWSKI\" \/><figcaption class=\"elementor-image-carousel-caption\">KACPER BI\u0143KOWSKI<\/figcaption><\/figure><\/div><div class=\"swiper-slide\"><figure class=\"swiper-slide-inner\"><img class=\"swiper-slide-image\" src=\"https:\/\/tempo-paniowki.pl\/wp-content\/uploads\/2024\/04\/KAMIO-768x1098.png\" alt=\"KAMIL MIKA\" \/><figcaption class=\"elementor-image-carousel-caption\">KAMIL MIKA<\/figcaption><\/figure><\/div><div class=\"swiper-slide\"><figure class=\"swiper-slide-inner\"><img class=\"swiper-slide-image\" src=\"https:\/\/tempo-paniowki.pl\/wp-content\/uploads\/2024\/04\/TOM-768x1098.png\" alt=\"TOMASZ KUCIA\" \/><figcaption class=\"elementor-image-carousel-caption\">TOMASZ KUCIA<\/figcaption><\/figure><\/div><div class=\"swiper-slide\"><figure class=\"swiper-slide-inner\"><img class=\"swiper-slide-image\" src=\"https:\/\/tempo-paniowki.pl\/wp-content\/uploads\/2024\/04\/mae-768x1098.png\" alt=\"MARCIN HERISZ\" \/><figcaption class=\"elementor-image-carousel-caption\">MARCIN HERISZ<\/figcaption><\/figure><\/div><div class=\"swiper-slide\"><figure class=\"swiper-slide-inner\"><img class=\"swiper-slide-image\" src=\"https:\/\/tempo-paniowki.pl\/wp-content\/uploads\/2024\/04\/michal-1-768x1098.png\" alt=\"MICHA\u0141 J\u00d3\u0179WIK\" \/><figcaption class=\"elementor-image-carousel-caption\">MICHA\u0141 J\u00d3\u0179WIK<\/figcaption><\/figure><\/div>\t\t\t<\/div>\n\t\t\t\t\t\t\t\t\t\t\t\t\t\t\t\t<\/div>\n\t\t\t\t<\/div>\n\t\t\t\t<\/div>\n\t\t\t\t<div class=\"elementor-element elementor-element-ff6f484 elementor-widget elementor-widget-heading\" data-id=\"ff6f484\" data-element_type=\"widget\" data-widget_type=\"heading.default\">\n\t\t\t\t<div class=\"elementor-widget-container\">\n\t\t\t<h3 class=\"elementor-heading-title elementor-size-xl\">Napastnicy<\/h3>\t\t<\/div>\n\t\t\t\t<\/div>\n\t\t\t\t\t\t<\/div>\n\t\t\t\t\t<\/div>\n\t\t<\/div>\n\t\t\t\t\t\t\t\t<\/div>\n\t\t\t\t\t<\/div>\n\t\t<\/section>\n\t\t\t\t<section class=\"elementor-section elementor-top-section elementor-element elementor-element-a39c5f6 elementor-section-boxed elementor-section-height-default elementor-section-height-default\" data-id=\"a39c5f6\" data-element_type=\"section\">\n\t\t\t\t\t\t<div class=\"elementor-container elementor-column-gap-default\">\n\t\t\t\t\t\t\t<div class=\"elementor-row\">\n\t\t\t\t\t<div class=\"elementor-column elementor-col-100 elementor-top-column elementor-element elementor-element-d4fa8a3\" data-id=\"d4fa8a3\" data-element_type=\"column\">\n\t\t\t<div class=\"elementor-column-wrap elementor-element-populated\">\n\t\t\t\t\t\t\t<div class=\"elementor-widget-wrap\">\n\t\t\t\t\t\t<div class=\"elementor-element elementor-element-f93079d e-transform e-transform elementor-widget__width-inherit elementor-widget elementor-widget-image-carousel\" data-id=\"f93079d\" data-element_type=\"widget\" data-settings=\"{&quot;slides_to_show&quot;:&quot;4&quot;,&quot;navigation&quot;:&quot;none&quot;,&quot;pause_on_hover&quot;:&quot;no&quot;,&quot;speed&quot;:550,&quot;_transform_translateX_effect&quot;:{&quot;unit&quot;:&quot;px&quot;,&quot;size&quot;:0,&quot;sizes&quot;:[]},&quot;autoplay&quot;:&quot;yes&quot;,&quot;pause_on_interaction&quot;:&quot;yes&quot;,&quot;autoplay_speed&quot;:5000,&quot;infinite&quot;:&quot;yes&quot;,&quot;_transform_translateX_effect_tablet&quot;:{&quot;unit&quot;:&quot;px&quot;,&quot;size&quot;:&quot;&quot;,&quot;sizes&quot;:[]},&quot;_transform_translateX_effect_mobile&quot;:{&quot;unit&quot;:&quot;px&quot;,&quot;size&quot;:&quot;&quot;,&quot;sizes&quot;:[]},&quot;_transform_translateY_effect&quot;:{&quot;unit&quot;:&quot;px&quot;,&quot;size&quot;:&quot;&quot;,&quot;sizes&quot;:[]},&quot;_transform_translateY_effect_tablet&quot;:{&quot;unit&quot;:&quot;px&quot;,&quot;size&quot;:&quot;&quot;,&quot;sizes&quot;:[]},&quot;_transform_translateY_effect_mobile&quot;:{&quot;unit&quot;:&quot;px&quot;,&quot;size&quot;:&quot;&quot;,&quot;sizes&quot;:[]},&quot;_transform_scale_effect&quot;:{&quot;unit&quot;:&quot;px&quot;,&quot;size&quot;:&quot;&quot;,&quot;sizes&quot;:[]},&quot;_transform_scale_effect_tablet&quot;:{&quot;unit&quot;:&quot;px&quot;,&quot;size&quot;:&quot;&quot;,&quot;sizes&quot;:[]},&quot;_transform_scale_effect_mobile&quot;:{&quot;unit&quot;:&quot;px&quot;,&quot;size&quot;:&quot;&quot;,&quot;sizes&quot;:[]}}\" data-widget_type=\"image-carousel.default\">\n\t\t\t\t<div class=\"elementor-widget-container\">\n\t\t\t\t\t<div class=\"elementor-image-carousel-wrapper swiper-container\" dir=\"ltr\">\n\t\t\t<div class=\"elementor-image-carousel swiper-wrapper\">\n\t\t\t\t\t\t\t\t<div class=\"swiper-slide\"><figure class=\"swiper-slide-inner\"><img class=\"swiper-slide-image\" src=\"https:\/\/tempo-paniowki.pl\/wp-content\/uploads\/2022\/03\/HAJOK-FRONT-768x1334.png\" alt=\"Rafa\u0142 Hajok\" \/><figcaption class=\"elementor-image-carousel-caption\">Rafa\u0142 Hajok<\/figcaption><\/figure><\/div><div class=\"swiper-slide\"><figure class=\"swiper-slide-inner\"><img class=\"swiper-slide-image\" src=\"https:\/\/tempo-paniowki.pl\/wp-content\/uploads\/2022\/03\/JOZWIKB-FRONT-768x1334.png\" alt=\"Bart\u0142omiej J\u00f3\u017awik\" \/><figcaption class=\"elementor-image-carousel-caption\">Bart\u0142omiej J\u00f3\u017awik<\/figcaption><\/figure><\/div><div class=\"swiper-slide\"><figure class=\"swiper-slide-inner\"><img class=\"swiper-slide-image\" src=\"https:\/\/tempo-paniowki.pl\/wp-content\/uploads\/2022\/03\/JOZWIKD-FRONT-768x1315.png\" alt=\"Daniel J\u00f3\u017awik\" \/><figcaption class=\"elementor-image-carousel-caption\">Daniel J\u00f3\u017awik<\/figcaption><\/figure><\/div><div class=\"swiper-slide\"><figure class=\"swiper-slide-inner\"><img class=\"swiper-slide-image\" src=\"https:\/\/tempo-paniowki.pl\/wp-content\/uploads\/2022\/03\/MIARKA-FRONT-768x1342.png\" alt=\"\u0141ukasz Miarka\" \/><figcaption class=\"elementor-image-carousel-caption\">\u0141ukasz Miarka<\/figcaption><\/figure><\/div><div class=\"swiper-slide\"><figure class=\"swiper-slide-inner\"><img class=\"swiper-slide-image\" src=\"https:\/\/tempo-paniowki.pl\/wp-content\/uploads\/2022\/03\/MROWIEC-FRONT-768x1250.png\" alt=\"Dawid Mrowiec\" \/><figcaption class=\"elementor-image-carousel-caption\">Dawid Mrowiec<\/figcaption><\/figure><\/div>\t\t\t<\/div>\n\t\t\t\t\t\t\t\t\t\t\t\t\t\t\t\t<\/div>\n\t\t\t\t<\/div>\n\t\t\t\t<\/div>\n\t\t\t\t<div class=\"elementor-element elementor-element-d2fbdff elementor-widget elementor-widget-heading\" data-id=\"d2fbdff\" data-element_type=\"widget\" data-widget_type=\"heading.default\">\n\t\t\t\t<div class=\"elementor-widget-container\">\n\t\t\t<h3 class=\"elementor-heading-title elementor-size-xl\">Sztab szkoleniowy<\/h3>\t\t<\/div>\n\t\t\t\t<\/div>\n\t\t\t\t<div class=\"elementor-element elementor-element-c7c2c7c elementor-widget elementor-widget-image\" data-id=\"c7c2c7c\" data-element_type=\"widget\" data-widget_type=\"image.default\">\n\t\t\t\t<div class=\"elementor-widget-container\">\n\t\t\t\t\t\t\t\t<div class=\"elementor-image\">\n\t\t\t\t\t\t\t\t\t\t\t\t<img width=\"768\" height=\"1098\" src=\"https:\/\/tempo-paniowki.pl\/wp-content\/uploads\/2024\/04\/Bez-nazwy-3-768x1098.png\" class=\"attachment-medium_large size-medium_large\" alt=\"\" loading=\"lazy\" srcset=\"https:\/\/tempo-paniowki.pl\/wp-content\/uploads\/2024\/04\/Bez-nazwy-3-768x1098.png 768w, https:\/\/tempo-paniowki.pl\/wp-content\/uploads\/2024\/04\/Bez-nazwy-3-210x300.png 210w, https:\/\/tempo-paniowki.pl\/wp-content\/uploads\/2024\/04\/Bez-nazwy-3-717x1024.png 717w, https:\/\/tempo-paniowki.pl\/wp-content\/uploads\/2024\/04\/Bez-nazwy-3-1075x1536.png 1075w, https:\/\/tempo-paniowki.pl\/wp-content\/uploads\/2024\/04\/Bez-nazwy-3-1433x2048.png 1433w, https:\/\/tempo-paniowki.pl\/wp-content\/uploads\/2024\/04\/Bez-nazwy-3-1140x1629.png 1140w, https:\/\/tempo-paniowki.pl\/wp-content\/uploads\/2024\/04\/Bez-nazwy-3.png 1447w\" sizes=\"(max-width: 768px) 100vw, 768px\" \/>\t\t\t\t\t\t\t\t\t\t\t\t\t\t<\/div>\n\t\t\t\t\t\t<\/div>\n\t\t\t\t<\/div>\n\t\t\t\t<div class=\"elementor-element elementor-element-e1465da elementor-widget elementor-widget-heading\" data-id=\"e1465da\" data-element_type=\"widget\" data-widget_type=\"heading.default\">\n\t\t\t\t<div class=\"elementor-widget-container\">\n\t\t\t<h1 class=\"elementor-heading-title elementor-size-default\">KRZYSZTOF KAMI\u0143SKI - Trener<\/h1>\t\t<\/div>\n\t\t\t\t<\/div>\n\t\t\t\t\t\t<\/div>\n\t\t\t\t\t<\/div>\n\t\t<\/div>\n\t\t\t\t\t\t\t\t<\/div>\n\t\t\t\t\t<\/div>\n\t\t<\/section>\n\t\t\t\t\t\t<\/div>\n\t\t\t\t\t\t<\/div>\n\t\t\t\t\t<\/div>\n\t\t","protected":false},"excerpt":{"rendered":"<p>Bramkarze DOMINIK BARBARCZUK SZYMON B\u0104BKA PIOTR NOWAK Obro\u0144cy BART\u0141OMIEJ D\u0141UGOSZ GRZEGORZ KONOPKA OSKAR JENDRYCHOWSKI STANIS\u0141AW MARZEC Pomocnicy JAKUB BIA\u0141OW\u0104S PAWE\u0141 BROSZ KACPER BI\u0143KOWSKI KAMIL MIKA TOMASZ KUCIA MARCIN HERISZ MICHA\u0141 J\u00d3\u0179WIK Napastnicy Rafa\u0142 Hajok Bart\u0142omiej J\u00f3\u017awik Daniel J\u00f3\u017awik \u0141ukasz Miarka Dawid Mrowiec Sztab szkoleniowy KRZYSZTOF KAMI\u0143SKI &#8211; Trener<\/p>\n","protected":false},"author":1,"featured_media":0,"parent":0,"menu_order":0,"comment_status":"closed","ping_status":"closed","template":"","meta":{"spay_email":""},"jetpack_sharing_enabled":true,"jetpack_shortlink":"https:\/\/wp.me\/PaN2VM-2r","_links":{"self":[{"href":"https:\/\/tempo-paniowki.pl\/index.php?rest_route=\/wp\/v2\/pages\/151"}],"collection":[{"href":"https:\/\/tempo-paniowki.pl\/index.php?rest_route=\/wp\/v2\/pages"}],"about":[{"href":"https:\/\/tempo-paniowki.pl\/index.php?rest_route=\/wp\/v2\/types\/page"}],"author":[{"embeddable":true,"href":"https:\/\/tempo-paniowki.pl\/index.php?rest_route=\/wp\/v2\/users\/1"}],"replies":[{"embeddable":true,"href":"https:\/\/tempo-paniowki.pl\/index.php?rest_route=%2Fwp%2Fv2%2Fcomments&post=151"}],"version-history":[{"count":70,"href":"https:\/\/tempo-paniowki.pl\/index.php?rest_route=\/wp\/v2\/pages\/151\/revisions"}],"predecessor-version":[{"id":3167,"href":"https:\/\/tempo-paniowki.pl\/index.php?rest_route=\/wp\/v2\/pages\/151\/revisions\/3167"}],"wp:attachment":[{"href":"https:\/\/tempo-paniowki.pl\/index.php?rest_route=%2Fwp%2Fv2%2Fmedia&parent=151"}],"curies":[{"name":"wp","href":"https:\/\/api.w.org\/{rel}","templated":true}]}}